{"id":8,"date":"2018-12-04T14:55:16","date_gmt":"2018-12-04T13:55:16","guid":{"rendered":"http:\/\/test.preparation-mariage-tregor.fr\/?page_id=8"},"modified":"2021-10-23T07:48:05","modified_gmt":"2021-10-23T05:48:05","slug":"accueil","status":"publish","type":"page","link":"https:\/\/www.preparation-mariage-tregor.fr\/","title":{"rendered":"Accueil"},"content":{"rendered":"<p>Bonjour et bienvenue sur le site de Pr\u00e9paration au Mariage de Lannion-Tr\u00e9gor !<\/p>\n<p>Si vous avez ou allez assist\u00e9 \u00e0 l\u2019une des sessions de pr\u00e9paration au mariage organis\u00e9es dans le Tr\u00e9gor par la f\u00e9d\u00e9ration nationale des CPM (Centre Pr\u00e9paration Mariage), ou si, tout simplement, vous \u00eates \u00e0 la recherche de documents sur le mariage, ce site est fait pour vous !<\/p>\n<p>Vous y trouverez en particulier un ensemble de documents qui vous aideront \u00e0 la pr\u00e9paration de votre mariage, votre vie de couple, votre vie de famille,&#8230;<\/p>\n<p>Vous y trouverez \u00e9galement les coordonn\u00e9es de l\u2019\u00e9quipe d\u2019animation que vous avez rencontr\u00e9e, si vous avez particip\u00e9 \u00e0 l\u2019une des sessions propos\u00e9es.<\/p>\n<p>Bonne navigation<\/p>\n<p>L\u2019\u00e9quipe CPM de Lannion-Tr\u00e9gor.<\/p>\n","protected":false},"excerpt":{"rendered":"<p>Bonjour et bienvenue sur le site de Pr\u00e9paration au Mariage de Lannion-Tr\u00e9gor ! Si vous avez ou allez assist\u00e9 \u00e0 l\u2019une des sessions de pr\u00e9paration au mariage organis\u00e9es dans le Tr\u00e9gor par la f\u00e9d\u00e9ration nationale des CPM (Centre Pr\u00e9paration Mariage), ou si, tout simplement, vous \u00eates \u00e0 la recherche de documents sur le mariage, ce &hellip; <\/p>\n<p class=\"link-more\"><a href=\"https:\/\/www.preparation-mariage-tregor.fr\/\" class=\"more-link\">Continuer la lecture<span class=\"screen-reader-text\"> de &laquo;&nbsp;Accueil&nbsp;&raquo;<\/span><\/a><\/p>\n","protected":false},"author":1,"featured_media":0,"parent":0,"menu_order":0,"comment_status":"closed","ping_status":"closed","template":"","meta":{"footnotes":""},"class_list":["post-8","page","type-page","status-publish","hentry"],"yoast_head":"<!-- This site is optimized with the Yoast SEO plugin v27.4 - https:\/\/yoast.com\/product\/yoast-seo-wordpress\/ -->\n<title>Accueil - Pr\u00e9paration Mariage - Tr\u00e9gor<\/title>\n<meta name=\"robots\" content=\"index, follow, max-snippet:-1, max-image-preview:large, max-video-preview:-1\" \/>\n<link rel=\"canonical\" href=\"https:\/\/www.preparation-mariage-tregor.fr\/\" \/>\n<meta property=\"og:locale\" content=\"fr_FR\" \/>\n<meta property=\"og:type\" content=\"article\" \/>\n<meta property=\"og:title\" content=\"Accueil - Pr\u00e9paration Mariage - Tr\u00e9gor\" \/>\n<meta property=\"og:description\" content=\"Bonjour et bienvenue sur le site de Pr\u00e9paration au Mariage de Lannion-Tr\u00e9gor ! Si vous avez ou allez assist\u00e9 \u00e0 l\u2019une des sessions de pr\u00e9paration au mariage organis\u00e9es dans le Tr\u00e9gor par la f\u00e9d\u00e9ration nationale des CPM (Centre Pr\u00e9paration Mariage), ou si, tout simplement, vous \u00eates \u00e0 la recherche de documents sur le mariage, ce &hellip; Continuer la lecture de &laquo;&nbsp;Accueil&nbsp;&raquo;\" \/>\n<meta property=\"og:url\" content=\"https:\/\/www.preparation-mariage-tregor.fr\/\" \/>\n<meta property=\"og:site_name\" content=\"Pr\u00e9paration Mariage - Tr\u00e9gor\" \/>\n<meta property=\"article:modified_time\" content=\"2021-10-23T05:48:05+00:00\" \/>\n<meta name=\"twitter:card\" content=\"summary_large_image\" \/>\n<meta name=\"twitter:label1\" content=\"Dur\u00e9e de lecture estim\u00e9e\" \/>\n\t<meta name=\"twitter:data1\" content=\"1 minute\" \/>\n<script type=\"application\/ld+json\" class=\"yoast-schema-graph\">{\"@context\":\"https:\\\/\\\/schema.org\",\"@graph\":[{\"@type\":\"WebPage\",\"@id\":\"https:\\\/\\\/www.preparation-mariage-tregor.fr\\\/\",\"url\":\"https:\\\/\\\/www.preparation-mariage-tregor.fr\\\/\",\"name\":\"Accueil - Pr\u00e9paration Mariage - Tr\u00e9gor\",\"isPartOf\":{\"@id\":\"https:\\\/\\\/www.preparation-mariage-tregor.fr\\\/#website\"},\"datePublished\":\"2018-12-04T13:55:16+00:00\",\"dateModified\":\"2021-10-23T05:48:05+00:00\",\"breadcrumb\":{\"@id\":\"https:\\\/\\\/www.preparation-mariage-tregor.fr\\\/#breadcrumb\"},\"inLanguage\":\"fr-FR\",\"potentialAction\":[{\"@type\":\"ReadAction\",\"target\":[\"https:\\\/\\\/www.preparation-mariage-tregor.fr\\\/\"]}]},{\"@type\":\"BreadcrumbList\",\"@id\":\"https:\\\/\\\/www.preparation-mariage-tregor.fr\\\/#breadcrumb\",\"itemListElement\":[{\"@type\":\"ListItem\",\"position\":1,\"name\":\"Accueil\",\"item\":\"https:\\\/\\\/www.preparation-mariage-tregor.fr\\\/\"},{\"@type\":\"ListItem\",\"position\":2,\"name\":\"Accueil\"}]},{\"@type\":\"WebSite\",\"@id\":\"https:\\\/\\\/www.preparation-mariage-tregor.fr\\\/#website\",\"url\":\"https:\\\/\\\/www.preparation-mariage-tregor.fr\\\/\",\"name\":\"Pr\u00e9paration Mariage Tr\u00e9gor\",\"description\":\"une \u00e9quipe pour vous accompagner\",\"publisher\":{\"@id\":\"https:\\\/\\\/www.preparation-mariage-tregor.fr\\\/#organization\"},\"potentialAction\":[{\"@type\":\"SearchAction\",\"target\":{\"@type\":\"EntryPoint\",\"urlTemplate\":\"https:\\\/\\\/www.preparation-mariage-tregor.fr\\\/?s={search_term_string}\"},\"query-input\":{\"@type\":\"PropertyValueSpecification\",\"valueRequired\":true,\"valueName\":\"search_term_string\"}}],\"inLanguage\":\"fr-FR\"},{\"@type\":\"Organization\",\"@id\":\"https:\\\/\\\/www.preparation-mariage-tregor.fr\\\/#organization\",\"name\":\"Centre pr\u00e9paration mariage du Tr\u00e9gor\",\"url\":\"https:\\\/\\\/www.preparation-mariage-tregor.fr\\\/\",\"logo\":{\"@type\":\"ImageObject\",\"inLanguage\":\"fr-FR\",\"@id\":\"https:\\\/\\\/www.preparation-mariage-tregor.fr\\\/#\\\/schema\\\/logo\\\/image\\\/\",\"url\":\"http:\\\/\\\/www.preparation-mariage-tregor.fr\\\/wp-content\\\/uploads\\\/2018\\\/12\\\/cpm-1.png\",\"contentUrl\":\"http:\\\/\\\/www.preparation-mariage-tregor.fr\\\/wp-content\\\/uploads\\\/2018\\\/12\\\/cpm-1.png\",\"width\":337,\"height\":110,\"caption\":\"Centre pr\u00e9paration mariage du Tr\u00e9gor\"},\"image\":{\"@id\":\"https:\\\/\\\/www.preparation-mariage-tregor.fr\\\/#\\\/schema\\\/logo\\\/image\\\/\"}}]}<\/script>\n<!-- \/ Yoast SEO plugin. -->","yoast_head_json":{"title":"Accueil - Pr\u00e9paration Mariage - Tr\u00e9gor","robots":{"index":"index","follow":"follow","max-snippet":"max-snippet:-1","max-image-preview":"max-image-preview:large","max-video-preview":"max-video-preview:-1"},"canonical":"https:\/\/www.preparation-mariage-tregor.fr\/","og_locale":"fr_FR","og_type":"article","og_title":"Accueil - Pr\u00e9paration Mariage - Tr\u00e9gor","og_description":"Bonjour et bienvenue sur le site de Pr\u00e9paration au Mariage de Lannion-Tr\u00e9gor ! Si vous avez ou allez assist\u00e9 \u00e0 l\u2019une des sessions de pr\u00e9paration au mariage organis\u00e9es dans le Tr\u00e9gor par la f\u00e9d\u00e9ration nationale des CPM (Centre Pr\u00e9paration Mariage), ou si, tout simplement, vous \u00eates \u00e0 la recherche de documents sur le mariage, ce &hellip; Continuer la lecture de &laquo;&nbsp;Accueil&nbsp;&raquo;","og_url":"https:\/\/www.preparation-mariage-tregor.fr\/","og_site_name":"Pr\u00e9paration Mariage - Tr\u00e9gor","article_modified_time":"2021-10-23T05:48:05+00:00","twitter_card":"summary_large_image","twitter_misc":{"Dur\u00e9e de lecture estim\u00e9e":"1 minute"},"schema":{"@context":"https:\/\/schema.org","@graph":[{"@type":"WebPage","@id":"https:\/\/www.preparation-mariage-tregor.fr\/","url":"https:\/\/www.preparation-mariage-tregor.fr\/","name":"Accueil - Pr\u00e9paration Mariage - Tr\u00e9gor","isPartOf":{"@id":"https:\/\/www.preparation-mariage-tregor.fr\/#website"},"datePublished":"2018-12-04T13:55:16+00:00","dateModified":"2021-10-23T05:48:05+00:00","breadcrumb":{"@id":"https:\/\/www.preparation-mariage-tregor.fr\/#breadcrumb"},"inLanguage":"fr-FR","potentialAction":[{"@type":"ReadAction","target":["https:\/\/www.preparation-mariage-tregor.fr\/"]}]},{"@type":"BreadcrumbList","@id":"https:\/\/www.preparation-mariage-tregor.fr\/#breadcrumb","itemListElement":[{"@type":"ListItem","position":1,"name":"Accueil","item":"https:\/\/www.preparation-mariage-tregor.fr\/"},{"@type":"ListItem","position":2,"name":"Accueil"}]},{"@type":"WebSite","@id":"https:\/\/www.preparation-mariage-tregor.fr\/#website","url":"https:\/\/www.preparation-mariage-tregor.fr\/","name":"Pr\u00e9paration Mariage Tr\u00e9gor","description":"une \u00e9quipe pour vous accompagner","publisher":{"@id":"https:\/\/www.preparation-mariage-tregor.fr\/#organization"},"potentialAction":[{"@type":"SearchAction","target":{"@type":"EntryPoint","urlTemplate":"https:\/\/www.preparation-mariage-tregor.fr\/?s={search_term_string}"},"query-input":{"@type":"PropertyValueSpecification","valueRequired":true,"valueName":"search_term_string"}}],"inLanguage":"fr-FR"},{"@type":"Organization","@id":"https:\/\/www.preparation-mariage-tregor.fr\/#organization","name":"Centre pr\u00e9paration mariage du Tr\u00e9gor","url":"https:\/\/www.preparation-mariage-tregor.fr\/","logo":{"@type":"ImageObject","inLanguage":"fr-FR","@id":"https:\/\/www.preparation-mariage-tregor.fr\/#\/schema\/logo\/image\/","url":"http:\/\/www.preparation-mariage-tregor.fr\/wp-content\/uploads\/2018\/12\/cpm-1.png","contentUrl":"http:\/\/www.preparation-mariage-tregor.fr\/wp-content\/uploads\/2018\/12\/cpm-1.png","width":337,"height":110,"caption":"Centre pr\u00e9paration mariage du Tr\u00e9gor"},"image":{"@id":"https:\/\/www.preparation-mariage-tregor.fr\/#\/schema\/logo\/image\/"}}]}},"_links":{"self":[{"href":"https:\/\/www.preparation-mariage-tregor.fr\/index.php\/wp-json\/wp\/v2\/pages\/8","targetHints":{"allow":["GET"]}}],"collection":[{"href":"https:\/\/www.preparation-mariage-tregor.fr\/index.php\/wp-json\/wp\/v2\/pages"}],"about":[{"href":"https:\/\/www.preparation-mariage-tregor.fr\/index.php\/wp-json\/wp\/v2\/types\/page"}],"author":[{"embeddable":true,"href":"https:\/\/www.preparation-mariage-tregor.fr\/index.php\/wp-json\/wp\/v2\/users\/1"}],"replies":[{"embeddable":true,"href":"https:\/\/www.preparation-mariage-tregor.fr\/index.php\/wp-json\/wp\/v2\/comments?post=8"}],"version-history":[{"count":4,"href":"https:\/\/www.preparation-mariage-tregor.fr\/index.php\/wp-json\/wp\/v2\/pages\/8\/revisions"}],"predecessor-version":[{"id":112,"href":"https:\/\/www.preparation-mariage-tregor.fr\/index.php\/wp-json\/wp\/v2\/pages\/8\/revisions\/112"}],"wp:attachment":[{"href":"https:\/\/www.preparation-mariage-tregor.fr\/index.php\/wp-json\/wp\/v2\/media?parent=8"}],"curies":[{"name":"wp","href":"https:\/\/api.w.org\/{rel}","templated":true}]}}