{"id":60,"date":"2018-12-09T10:25:36","date_gmt":"2018-12-09T09:25:36","guid":{"rendered":"http:\/\/test.preparation-mariage-tregor.fr\/?page_id=60"},"modified":"2018-12-31T15:07:54","modified_gmt":"2018-12-31T14:07:54","slug":"qui-sommes-nous","status":"publish","type":"page","link":"https:\/\/www.preparation-mariage-tregor.fr\/index.php\/qui-sommes-nous\/","title":{"rendered":"Qui sommes nous ?"},"content":{"rendered":"\n<h3 class=\"wp-block-heading\">Des animateurs b\u00e9n\u00e9voles, au service des couples qui se marient<\/h3>\n\n\n\n<p>L&rsquo;\u00e9quipe local de Lannion-Tregor est rattach\u00e9 \u00e0 la f\u00e9d\u00e9ration nationale du CPM (Centre Preparation Mariage).<\/p>\n\n\n\n<p>Au total, plus de 600 \u00e9quipes locales sont impliqu\u00e9es dans les dioc\u00e8ses. La f\u00e9d\u00e9ration nationale CPM veille \u00e0 une coh\u00e9rence de fond..\u00a0<\/p>\n\n\n\n<p>Son objectif est de permettre aux hommes et femmes qui d\u00e9sirent se marier d&rsquo;approfondir leur r\u00e9flexion sur le couple, la famille, sur la dimension humaine et chr\u00e9tienne de leur engagement.\u00a0<br>Nous voyons les futurs mari\u00e9s en g\u00e9n\u00e9ral apr\u00e8s un premier contact avec un pr\u00eatre ou un service d&rsquo;accueil lors de leur d\u00e9marche pour se marier \u00e0 l&rsquo;Eglise catholique.\u00a0<\/p>\n\n\n\n<p>Le CPM est une association loi 1901, fond\u00e9e en 1967, et sommes en relation avec les Pouvoirs publics.<\/p>\n\n\n\n<p>Pour en savoir plus sur le CPM, cliquez\u00a0<a href=\"http:\/\/www.preparation-mariage.info\/\">ici<\/a><\/p>\n","protected":false},"excerpt":{"rendered":"<p>Des animateurs b\u00e9n\u00e9voles, au service des couples qui se marient L&rsquo;\u00e9quipe local de Lannion-Tregor est rattach\u00e9 \u00e0 la f\u00e9d\u00e9ration nationale du CPM (Centre Preparation Mariage). Au total, plus de 600 \u00e9quipes locales sont impliqu\u00e9es dans les dioc\u00e8ses. La f\u00e9d\u00e9ration nationale CPM veille \u00e0 une coh\u00e9rence de fond..\u00a0 Son objectif est de permettre aux hommes et &hellip; <\/p>\n<p class=\"link-more\"><a href=\"https:\/\/www.preparation-mariage-tregor.fr\/index.php\/qui-sommes-nous\/\" class=\"more-link\">Continuer la lecture<span class=\"screen-reader-text\"> de &laquo;&nbsp;Qui sommes nous ?&nbsp;&raquo;<\/span><\/a><\/p>\n","protected":false},"author":2,"featured_media":36,"parent":0,"menu_order":0,"comment_status":"closed","ping_status":"closed","template":"","meta":{"footnotes":""},"class_list":["post-60","page","type-page","status-publish","has-post-thumbnail","hentry"],"yoast_head":"<!-- This site is optimized with the Yoast SEO plugin v27.4 - https:\/\/yoast.com\/product\/yoast-seo-wordpress\/ -->\n<title>Qui sommes nous ? - Pr\u00e9paration Mariage - Tr\u00e9gor<\/title>\n<meta name=\"robots\" content=\"index, follow, max-snippet:-1, max-image-preview:large, max-video-preview:-1\" \/>\n<link rel=\"canonical\" href=\"https:\/\/www.preparation-mariage-tregor.fr\/index.php\/qui-sommes-nous\/\" \/>\n<meta property=\"og:locale\" content=\"fr_FR\" \/>\n<meta property=\"og:type\" content=\"article\" \/>\n<meta property=\"og:title\" content=\"Qui sommes nous ? - Pr\u00e9paration Mariage - Tr\u00e9gor\" \/>\n<meta property=\"og:description\" content=\"Des animateurs b\u00e9n\u00e9voles, au service des couples qui se marient L&rsquo;\u00e9quipe local de Lannion-Tregor est rattach\u00e9 \u00e0 la f\u00e9d\u00e9ration nationale du CPM (Centre Preparation Mariage). Au total, plus de 600 \u00e9quipes locales sont impliqu\u00e9es dans les dioc\u00e8ses. La f\u00e9d\u00e9ration nationale CPM veille \u00e0 une coh\u00e9rence de fond..\u00a0 Son objectif est de permettre aux hommes et &hellip; Continuer la lecture de &laquo;&nbsp;Qui sommes nous ?&nbsp;&raquo;\" \/>\n<meta property=\"og:url\" content=\"https:\/\/www.preparation-mariage-tregor.fr\/index.php\/qui-sommes-nous\/\" \/>\n<meta property=\"og:site_name\" content=\"Pr\u00e9paration Mariage - Tr\u00e9gor\" \/>\n<meta property=\"article:modified_time\" content=\"2018-12-31T14:07:54+00:00\" \/>\n<meta property=\"og:image\" content=\"https:\/\/www.preparation-mariage-tregor.fr\/wp-content\/uploads\/2018\/12\/mariage3-1024x681.jpg\" \/>\n\t<meta property=\"og:image:width\" content=\"1024\" \/>\n\t<meta property=\"og:image:height\" content=\"681\" \/>\n\t<meta property=\"og:image:type\" content=\"image\/jpeg\" \/>\n<meta name=\"twitter:card\" content=\"summary_large_image\" \/>\n<meta name=\"twitter:label1\" content=\"Dur\u00e9e de lecture estim\u00e9e\" \/>\n\t<meta name=\"twitter:data1\" content=\"1 minute\" \/>\n<script type=\"application\/ld+json\" class=\"yoast-schema-graph\">{\"@context\":\"https:\\\/\\\/schema.org\",\"@graph\":[{\"@type\":\"WebPage\",\"@id\":\"https:\\\/\\\/www.preparation-mariage-tregor.fr\\\/index.php\\\/qui-sommes-nous\\\/\",\"url\":\"https:\\\/\\\/www.preparation-mariage-tregor.fr\\\/index.php\\\/qui-sommes-nous\\\/\",\"name\":\"Qui sommes nous ? - Pr\u00e9paration Mariage - Tr\u00e9gor\",\"isPartOf\":{\"@id\":\"https:\\\/\\\/www.preparation-mariage-tregor.fr\\\/#website\"},\"primaryImageOfPage\":{\"@id\":\"https:\\\/\\\/www.preparation-mariage-tregor.fr\\\/index.php\\\/qui-sommes-nous\\\/#primaryimage\"},\"image\":{\"@id\":\"https:\\\/\\\/www.preparation-mariage-tregor.fr\\\/index.php\\\/qui-sommes-nous\\\/#primaryimage\"},\"thumbnailUrl\":\"https:\\\/\\\/www.preparation-mariage-tregor.fr\\\/wp-content\\\/uploads\\\/2018\\\/12\\\/mariage3.jpg\",\"datePublished\":\"2018-12-09T09:25:36+00:00\",\"dateModified\":\"2018-12-31T14:07:54+00:00\",\"breadcrumb\":{\"@id\":\"https:\\\/\\\/www.preparation-mariage-tregor.fr\\\/index.php\\\/qui-sommes-nous\\\/#breadcrumb\"},\"inLanguage\":\"fr-FR\",\"potentialAction\":[{\"@type\":\"ReadAction\",\"target\":[\"https:\\\/\\\/www.preparation-mariage-tregor.fr\\\/index.php\\\/qui-sommes-nous\\\/\"]}]},{\"@type\":\"ImageObject\",\"inLanguage\":\"fr-FR\",\"@id\":\"https:\\\/\\\/www.preparation-mariage-tregor.fr\\\/index.php\\\/qui-sommes-nous\\\/#primaryimage\",\"url\":\"https:\\\/\\\/www.preparation-mariage-tregor.fr\\\/wp-content\\\/uploads\\\/2018\\\/12\\\/mariage3.jpg\",\"contentUrl\":\"https:\\\/\\\/www.preparation-mariage-tregor.fr\\\/wp-content\\\/uploads\\\/2018\\\/12\\\/mariage3.jpg\",\"width\":3000,\"height\":1996},{\"@type\":\"BreadcrumbList\",\"@id\":\"https:\\\/\\\/www.preparation-mariage-tregor.fr\\\/index.php\\\/qui-sommes-nous\\\/#breadcrumb\",\"itemListElement\":[{\"@type\":\"ListItem\",\"position\":1,\"name\":\"Accueil\",\"item\":\"https:\\\/\\\/www.preparation-mariage-tregor.fr\\\/\"},{\"@type\":\"ListItem\",\"position\":2,\"name\":\"Qui sommes nous ?\"}]},{\"@type\":\"WebSite\",\"@id\":\"https:\\\/\\\/www.preparation-mariage-tregor.fr\\\/#website\",\"url\":\"https:\\\/\\\/www.preparation-mariage-tregor.fr\\\/\",\"name\":\"Pr\u00e9paration Mariage Tr\u00e9gor\",\"description\":\"une \u00e9quipe pour vous accompagner\",\"publisher\":{\"@id\":\"https:\\\/\\\/www.preparation-mariage-tregor.fr\\\/#organization\"},\"potentialAction\":[{\"@type\":\"SearchAction\",\"target\":{\"@type\":\"EntryPoint\",\"urlTemplate\":\"https:\\\/\\\/www.preparation-mariage-tregor.fr\\\/?s={search_term_string}\"},\"query-input\":{\"@type\":\"PropertyValueSpecification\",\"valueRequired\":true,\"valueName\":\"search_term_string\"}}],\"inLanguage\":\"fr-FR\"},{\"@type\":\"Organization\",\"@id\":\"https:\\\/\\\/www.preparation-mariage-tregor.fr\\\/#organization\",\"name\":\"Centre pr\u00e9paration mariage du Tr\u00e9gor\",\"url\":\"https:\\\/\\\/www.preparation-mariage-tregor.fr\\\/\",\"logo\":{\"@type\":\"ImageObject\",\"inLanguage\":\"fr-FR\",\"@id\":\"https:\\\/\\\/www.preparation-mariage-tregor.fr\\\/#\\\/schema\\\/logo\\\/image\\\/\",\"url\":\"http:\\\/\\\/www.preparation-mariage-tregor.fr\\\/wp-content\\\/uploads\\\/2018\\\/12\\\/cpm-1.png\",\"contentUrl\":\"http:\\\/\\\/www.preparation-mariage-tregor.fr\\\/wp-content\\\/uploads\\\/2018\\\/12\\\/cpm-1.png\",\"width\":337,\"height\":110,\"caption\":\"Centre pr\u00e9paration mariage du Tr\u00e9gor\"},\"image\":{\"@id\":\"https:\\\/\\\/www.preparation-mariage-tregor.fr\\\/#\\\/schema\\\/logo\\\/image\\\/\"}}]}<\/script>\n<!-- \/ Yoast SEO plugin. -->","yoast_head_json":{"title":"Qui sommes nous ? - Pr\u00e9paration Mariage - Tr\u00e9gor","robots":{"index":"index","follow":"follow","max-snippet":"max-snippet:-1","max-image-preview":"max-image-preview:large","max-video-preview":"max-video-preview:-1"},"canonical":"https:\/\/www.preparation-mariage-tregor.fr\/index.php\/qui-sommes-nous\/","og_locale":"fr_FR","og_type":"article","og_title":"Qui sommes nous ? - Pr\u00e9paration Mariage - Tr\u00e9gor","og_description":"Des animateurs b\u00e9n\u00e9voles, au service des couples qui se marient L&rsquo;\u00e9quipe local de Lannion-Tregor est rattach\u00e9 \u00e0 la f\u00e9d\u00e9ration nationale du CPM (Centre Preparation Mariage). Au total, plus de 600 \u00e9quipes locales sont impliqu\u00e9es dans les dioc\u00e8ses. La f\u00e9d\u00e9ration nationale CPM veille \u00e0 une coh\u00e9rence de fond..\u00a0 Son objectif est de permettre aux hommes et &hellip; Continuer la lecture de &laquo;&nbsp;Qui sommes nous ?&nbsp;&raquo;","og_url":"https:\/\/www.preparation-mariage-tregor.fr\/index.php\/qui-sommes-nous\/","og_site_name":"Pr\u00e9paration Mariage - Tr\u00e9gor","article_modified_time":"2018-12-31T14:07:54+00:00","og_image":[{"width":1024,"height":681,"url":"https:\/\/www.preparation-mariage-tregor.fr\/wp-content\/uploads\/2018\/12\/mariage3-1024x681.jpg","type":"image\/jpeg"}],"twitter_card":"summary_large_image","twitter_misc":{"Dur\u00e9e de lecture estim\u00e9e":"1 minute"},"schema":{"@context":"https:\/\/schema.org","@graph":[{"@type":"WebPage","@id":"https:\/\/www.preparation-mariage-tregor.fr\/index.php\/qui-sommes-nous\/","url":"https:\/\/www.preparation-mariage-tregor.fr\/index.php\/qui-sommes-nous\/","name":"Qui sommes nous ? - Pr\u00e9paration Mariage - Tr\u00e9gor","isPartOf":{"@id":"https:\/\/www.preparation-mariage-tregor.fr\/#website"},"primaryImageOfPage":{"@id":"https:\/\/www.preparation-mariage-tregor.fr\/index.php\/qui-sommes-nous\/#primaryimage"},"image":{"@id":"https:\/\/www.preparation-mariage-tregor.fr\/index.php\/qui-sommes-nous\/#primaryimage"},"thumbnailUrl":"https:\/\/www.preparation-mariage-tregor.fr\/wp-content\/uploads\/2018\/12\/mariage3.jpg","datePublished":"2018-12-09T09:25:36+00:00","dateModified":"2018-12-31T14:07:54+00:00","breadcrumb":{"@id":"https:\/\/www.preparation-mariage-tregor.fr\/index.php\/qui-sommes-nous\/#breadcrumb"},"inLanguage":"fr-FR","potentialAction":[{"@type":"ReadAction","target":["https:\/\/www.preparation-mariage-tregor.fr\/index.php\/qui-sommes-nous\/"]}]},{"@type":"ImageObject","inLanguage":"fr-FR","@id":"https:\/\/www.preparation-mariage-tregor.fr\/index.php\/qui-sommes-nous\/#primaryimage","url":"https:\/\/www.preparation-mariage-tregor.fr\/wp-content\/uploads\/2018\/12\/mariage3.jpg","contentUrl":"https:\/\/www.preparation-mariage-tregor.fr\/wp-content\/uploads\/2018\/12\/mariage3.jpg","width":3000,"height":1996},{"@type":"BreadcrumbList","@id":"https:\/\/www.preparation-mariage-tregor.fr\/index.php\/qui-sommes-nous\/#breadcrumb","itemListElement":[{"@type":"ListItem","position":1,"name":"Accueil","item":"https:\/\/www.preparation-mariage-tregor.fr\/"},{"@type":"ListItem","position":2,"name":"Qui sommes nous ?"}]},{"@type":"WebSite","@id":"https:\/\/www.preparation-mariage-tregor.fr\/#website","url":"https:\/\/www.preparation-mariage-tregor.fr\/","name":"Pr\u00e9paration Mariage Tr\u00e9gor","description":"une \u00e9quipe pour vous accompagner","publisher":{"@id":"https:\/\/www.preparation-mariage-tregor.fr\/#organization"},"potentialAction":[{"@type":"SearchAction","target":{"@type":"EntryPoint","urlTemplate":"https:\/\/www.preparation-mariage-tregor.fr\/?s={search_term_string}"},"query-input":{"@type":"PropertyValueSpecification","valueRequired":true,"valueName":"search_term_string"}}],"inLanguage":"fr-FR"},{"@type":"Organization","@id":"https:\/\/www.preparation-mariage-tregor.fr\/#organization","name":"Centre pr\u00e9paration mariage du Tr\u00e9gor","url":"https:\/\/www.preparation-mariage-tregor.fr\/","logo":{"@type":"ImageObject","inLanguage":"fr-FR","@id":"https:\/\/www.preparation-mariage-tregor.fr\/#\/schema\/logo\/image\/","url":"http:\/\/www.preparation-mariage-tregor.fr\/wp-content\/uploads\/2018\/12\/cpm-1.png","contentUrl":"http:\/\/www.preparation-mariage-tregor.fr\/wp-content\/uploads\/2018\/12\/cpm-1.png","width":337,"height":110,"caption":"Centre pr\u00e9paration mariage du Tr\u00e9gor"},"image":{"@id":"https:\/\/www.preparation-mariage-tregor.fr\/#\/schema\/logo\/image\/"}}]}},"_links":{"self":[{"href":"https:\/\/www.preparation-mariage-tregor.fr\/index.php\/wp-json\/wp\/v2\/pages\/60","targetHints":{"allow":["GET"]}}],"collection":[{"href":"https:\/\/www.preparation-mariage-tregor.fr\/index.php\/wp-json\/wp\/v2\/pages"}],"about":[{"href":"https:\/\/www.preparation-mariage-tregor.fr\/index.php\/wp-json\/wp\/v2\/types\/page"}],"author":[{"embeddable":true,"href":"https:\/\/www.preparation-mariage-tregor.fr\/index.php\/wp-json\/wp\/v2\/users\/2"}],"replies":[{"embeddable":true,"href":"https:\/\/www.preparation-mariage-tregor.fr\/index.php\/wp-json\/wp\/v2\/comments?post=60"}],"version-history":[{"count":4,"href":"https:\/\/www.preparation-mariage-tregor.fr\/index.php\/wp-json\/wp\/v2\/pages\/60\/revisions"}],"predecessor-version":[{"id":90,"href":"https:\/\/www.preparation-mariage-tregor.fr\/index.php\/wp-json\/wp\/v2\/pages\/60\/revisions\/90"}],"wp:featuredmedia":[{"embeddable":true,"href":"https:\/\/www.preparation-mariage-tregor.fr\/index.php\/wp-json\/wp\/v2\/media\/36"}],"wp:attachment":[{"href":"https:\/\/www.preparation-mariage-tregor.fr\/index.php\/wp-json\/wp\/v2\/media?parent=60"}],"curies":[{"name":"wp","href":"https:\/\/api.w.org\/{rel}","templated":true}]}}