{"id":535,"date":"2021-10-17T15:51:46","date_gmt":"2021-10-17T13:51:46","guid":{"rendered":"http:\/\/www.preparation-mariage-tregor.fr\/?page_id=535"},"modified":"2024-01-24T07:57:51","modified_gmt":"2024-01-24T06:57:51","slug":"session","status":"publish","type":"page","link":"https:\/\/www.preparation-mariage-tregor.fr\/index.php\/session\/","title":{"rendered":"Dates des sessions"},"content":{"rendered":"\n\n\n\n\n<p><em>Les sessions  weekend se d\u00e9roulent sur 2 jours : samedi de (14h- 22h30) &amp;  Dimanche (9h-13h). Possibilit\u00e9 d&rsquo;h\u00e9bergement\u00a0sur\u00a0place.<\/em><\/p>\n\n\n\n<p>En cas d&rsquo;impossibilit\u00e9 (contrainte professionnelle), une session est pr\u00e9vue le Dimanche <em>&nbsp;<\/em> <em>(nombre de places limit\u00e9es. Merci de nous contacter)<\/em><\/p>\n\n\n\n<p>Vous \u00eates par ailleurs convi\u00e9s \u00e0 une r\u00e9union d&rsquo;information le <\/p>\n","protected":false},"excerpt":{"rendered":"<p>Les sessions weekend se d\u00e9roulent sur 2 jours : samedi de (14h- 22h30) &amp; Dimanche (9h-13h). Possibilit\u00e9 d&rsquo;h\u00e9bergement\u00a0sur\u00a0place. En cas d&rsquo;impossibilit\u00e9 (contrainte professionnelle), une session est pr\u00e9vue le Dimanche &nbsp; (nombre de places limit\u00e9es. Merci de nous contacter) Vous \u00eates par ailleurs convi\u00e9s \u00e0 une r\u00e9union d&rsquo;information le<\/p>\n","protected":false},"author":2,"featured_media":0,"parent":0,"menu_order":0,"comment_status":"closed","ping_status":"closed","template":"","meta":{"footnotes":""},"class_list":["post-535","page","type-page","status-publish","hentry"],"yoast_head":"<!-- This site is optimized with the Yoast SEO plugin v27.4 - https:\/\/yoast.com\/product\/yoast-seo-wordpress\/ -->\n<title>Dates des sessions - Pr\u00e9paration Mariage - Tr\u00e9gor<\/title>\n<meta name=\"robots\" content=\"index, follow, max-snippet:-1, max-image-preview:large, max-video-preview:-1\" \/>\n<link rel=\"canonical\" href=\"https:\/\/www.preparation-mariage-tregor.fr\/index.php\/session\/\" \/>\n<meta property=\"og:locale\" content=\"fr_FR\" \/>\n<meta property=\"og:type\" content=\"article\" \/>\n<meta property=\"og:title\" content=\"Dates des sessions - Pr\u00e9paration Mariage - Tr\u00e9gor\" \/>\n<meta property=\"og:description\" content=\"Les sessions weekend se d\u00e9roulent sur 2 jours : samedi de (14h- 22h30) &amp; Dimanche (9h-13h). Possibilit\u00e9 d&rsquo;h\u00e9bergement\u00a0sur\u00a0place. En cas d&rsquo;impossibilit\u00e9 (contrainte professionnelle), une session est pr\u00e9vue le Dimanche &nbsp; (nombre de places limit\u00e9es. Merci de nous contacter) Vous \u00eates par ailleurs convi\u00e9s \u00e0 une r\u00e9union d&rsquo;information le\" \/>\n<meta property=\"og:url\" content=\"https:\/\/www.preparation-mariage-tregor.fr\/index.php\/session\/\" \/>\n<meta property=\"og:site_name\" content=\"Pr\u00e9paration Mariage - Tr\u00e9gor\" \/>\n<meta property=\"article:modified_time\" content=\"2024-01-24T06:57:51+00:00\" \/>\n<meta name=\"twitter:card\" content=\"summary_large_image\" \/>\n<meta name=\"twitter:label1\" content=\"Dur\u00e9e de lecture estim\u00e9e\" \/>\n\t<meta name=\"twitter:data1\" content=\"1 minute\" \/>\n<script type=\"application\/ld+json\" class=\"yoast-schema-graph\">{\"@context\":\"https:\\\/\\\/schema.org\",\"@graph\":[{\"@type\":\"WebPage\",\"@id\":\"https:\\\/\\\/www.preparation-mariage-tregor.fr\\\/index.php\\\/session\\\/\",\"url\":\"https:\\\/\\\/www.preparation-mariage-tregor.fr\\\/index.php\\\/session\\\/\",\"name\":\"Dates des sessions - Pr\u00e9paration Mariage - Tr\u00e9gor\",\"isPartOf\":{\"@id\":\"https:\\\/\\\/www.preparation-mariage-tregor.fr\\\/#website\"},\"datePublished\":\"2021-10-17T13:51:46+00:00\",\"dateModified\":\"2024-01-24T06:57:51+00:00\",\"breadcrumb\":{\"@id\":\"https:\\\/\\\/www.preparation-mariage-tregor.fr\\\/index.php\\\/session\\\/#breadcrumb\"},\"inLanguage\":\"fr-FR\",\"potentialAction\":[{\"@type\":\"ReadAction\",\"target\":[\"https:\\\/\\\/www.preparation-mariage-tregor.fr\\\/index.php\\\/session\\\/\"]}]},{\"@type\":\"BreadcrumbList\",\"@id\":\"https:\\\/\\\/www.preparation-mariage-tregor.fr\\\/index.php\\\/session\\\/#breadcrumb\",\"itemListElement\":[{\"@type\":\"ListItem\",\"position\":1,\"name\":\"Accueil\",\"item\":\"https:\\\/\\\/www.preparation-mariage-tregor.fr\\\/\"},{\"@type\":\"ListItem\",\"position\":2,\"name\":\"Dates des sessions\"}]},{\"@type\":\"WebSite\",\"@id\":\"https:\\\/\\\/www.preparation-mariage-tregor.fr\\\/#website\",\"url\":\"https:\\\/\\\/www.preparation-mariage-tregor.fr\\\/\",\"name\":\"Pr\u00e9paration Mariage Tr\u00e9gor\",\"description\":\"une \u00e9quipe pour vous accompagner\",\"publisher\":{\"@id\":\"https:\\\/\\\/www.preparation-mariage-tregor.fr\\\/#organization\"},\"potentialAction\":[{\"@type\":\"SearchAction\",\"target\":{\"@type\":\"EntryPoint\",\"urlTemplate\":\"https:\\\/\\\/www.preparation-mariage-tregor.fr\\\/?s={search_term_string}\"},\"query-input\":{\"@type\":\"PropertyValueSpecification\",\"valueRequired\":true,\"valueName\":\"search_term_string\"}}],\"inLanguage\":\"fr-FR\"},{\"@type\":\"Organization\",\"@id\":\"https:\\\/\\\/www.preparation-mariage-tregor.fr\\\/#organization\",\"name\":\"Centre pr\u00e9paration mariage du Tr\u00e9gor\",\"url\":\"https:\\\/\\\/www.preparation-mariage-tregor.fr\\\/\",\"logo\":{\"@type\":\"ImageObject\",\"inLanguage\":\"fr-FR\",\"@id\":\"https:\\\/\\\/www.preparation-mariage-tregor.fr\\\/#\\\/schema\\\/logo\\\/image\\\/\",\"url\":\"http:\\\/\\\/www.preparation-mariage-tregor.fr\\\/wp-content\\\/uploads\\\/2018\\\/12\\\/cpm-1.png\",\"contentUrl\":\"http:\\\/\\\/www.preparation-mariage-tregor.fr\\\/wp-content\\\/uploads\\\/2018\\\/12\\\/cpm-1.png\",\"width\":337,\"height\":110,\"caption\":\"Centre pr\u00e9paration mariage du Tr\u00e9gor\"},\"image\":{\"@id\":\"https:\\\/\\\/www.preparation-mariage-tregor.fr\\\/#\\\/schema\\\/logo\\\/image\\\/\"}}]}<\/script>\n<!-- \/ Yoast SEO plugin. -->","yoast_head_json":{"title":"Dates des sessions - Pr\u00e9paration Mariage - Tr\u00e9gor","robots":{"index":"index","follow":"follow","max-snippet":"max-snippet:-1","max-image-preview":"max-image-preview:large","max-video-preview":"max-video-preview:-1"},"canonical":"https:\/\/www.preparation-mariage-tregor.fr\/index.php\/session\/","og_locale":"fr_FR","og_type":"article","og_title":"Dates des sessions - Pr\u00e9paration Mariage - Tr\u00e9gor","og_description":"Les sessions weekend se d\u00e9roulent sur 2 jours : samedi de (14h- 22h30) &amp; Dimanche (9h-13h). Possibilit\u00e9 d&rsquo;h\u00e9bergement\u00a0sur\u00a0place. En cas d&rsquo;impossibilit\u00e9 (contrainte professionnelle), une session est pr\u00e9vue le Dimanche &nbsp; (nombre de places limit\u00e9es. Merci de nous contacter) Vous \u00eates par ailleurs convi\u00e9s \u00e0 une r\u00e9union d&rsquo;information le","og_url":"https:\/\/www.preparation-mariage-tregor.fr\/index.php\/session\/","og_site_name":"Pr\u00e9paration Mariage - Tr\u00e9gor","article_modified_time":"2024-01-24T06:57:51+00:00","twitter_card":"summary_large_image","twitter_misc":{"Dur\u00e9e de lecture estim\u00e9e":"1 minute"},"schema":{"@context":"https:\/\/schema.org","@graph":[{"@type":"WebPage","@id":"https:\/\/www.preparation-mariage-tregor.fr\/index.php\/session\/","url":"https:\/\/www.preparation-mariage-tregor.fr\/index.php\/session\/","name":"Dates des sessions - Pr\u00e9paration Mariage - Tr\u00e9gor","isPartOf":{"@id":"https:\/\/www.preparation-mariage-tregor.fr\/#website"},"datePublished":"2021-10-17T13:51:46+00:00","dateModified":"2024-01-24T06:57:51+00:00","breadcrumb":{"@id":"https:\/\/www.preparation-mariage-tregor.fr\/index.php\/session\/#breadcrumb"},"inLanguage":"fr-FR","potentialAction":[{"@type":"ReadAction","target":["https:\/\/www.preparation-mariage-tregor.fr\/index.php\/session\/"]}]},{"@type":"BreadcrumbList","@id":"https:\/\/www.preparation-mariage-tregor.fr\/index.php\/session\/#breadcrumb","itemListElement":[{"@type":"ListItem","position":1,"name":"Accueil","item":"https:\/\/www.preparation-mariage-tregor.fr\/"},{"@type":"ListItem","position":2,"name":"Dates des sessions"}]},{"@type":"WebSite","@id":"https:\/\/www.preparation-mariage-tregor.fr\/#website","url":"https:\/\/www.preparation-mariage-tregor.fr\/","name":"Pr\u00e9paration Mariage Tr\u00e9gor","description":"une \u00e9quipe pour vous accompagner","publisher":{"@id":"https:\/\/www.preparation-mariage-tregor.fr\/#organization"},"potentialAction":[{"@type":"SearchAction","target":{"@type":"EntryPoint","urlTemplate":"https:\/\/www.preparation-mariage-tregor.fr\/?s={search_term_string}"},"query-input":{"@type":"PropertyValueSpecification","valueRequired":true,"valueName":"search_term_string"}}],"inLanguage":"fr-FR"},{"@type":"Organization","@id":"https:\/\/www.preparation-mariage-tregor.fr\/#organization","name":"Centre pr\u00e9paration mariage du Tr\u00e9gor","url":"https:\/\/www.preparation-mariage-tregor.fr\/","logo":{"@type":"ImageObject","inLanguage":"fr-FR","@id":"https:\/\/www.preparation-mariage-tregor.fr\/#\/schema\/logo\/image\/","url":"http:\/\/www.preparation-mariage-tregor.fr\/wp-content\/uploads\/2018\/12\/cpm-1.png","contentUrl":"http:\/\/www.preparation-mariage-tregor.fr\/wp-content\/uploads\/2018\/12\/cpm-1.png","width":337,"height":110,"caption":"Centre pr\u00e9paration mariage du Tr\u00e9gor"},"image":{"@id":"https:\/\/www.preparation-mariage-tregor.fr\/#\/schema\/logo\/image\/"}}]}},"_links":{"self":[{"href":"https:\/\/www.preparation-mariage-tregor.fr\/index.php\/wp-json\/wp\/v2\/pages\/535","targetHints":{"allow":["GET"]}}],"collection":[{"href":"https:\/\/www.preparation-mariage-tregor.fr\/index.php\/wp-json\/wp\/v2\/pages"}],"about":[{"href":"https:\/\/www.preparation-mariage-tregor.fr\/index.php\/wp-json\/wp\/v2\/types\/page"}],"author":[{"embeddable":true,"href":"https:\/\/www.preparation-mariage-tregor.fr\/index.php\/wp-json\/wp\/v2\/users\/2"}],"replies":[{"embeddable":true,"href":"https:\/\/www.preparation-mariage-tregor.fr\/index.php\/wp-json\/wp\/v2\/comments?post=535"}],"version-history":[{"count":4,"href":"https:\/\/www.preparation-mariage-tregor.fr\/index.php\/wp-json\/wp\/v2\/pages\/535\/revisions"}],"predecessor-version":[{"id":545,"href":"https:\/\/www.preparation-mariage-tregor.fr\/index.php\/wp-json\/wp\/v2\/pages\/535\/revisions\/545"}],"wp:attachment":[{"href":"https:\/\/www.preparation-mariage-tregor.fr\/index.php\/wp-json\/wp\/v2\/media?parent=535"}],"curies":[{"name":"wp","href":"https:\/\/api.w.org\/{rel}","templated":true}]}}